{"id":23,"date":"2020-03-03T13:26:53","date_gmt":"2020-03-03T13:26:53","guid":{"rendered":"http:\/\/trixis-pferdetraining.de\/?page_id=23"},"modified":"2021-02-10T05:59:09","modified_gmt":"2021-02-10T05:59:09","slug":"training","status":"publish","type":"page","link":"https:\/\/trixis-pferdetraining.de\/?page_id=23","title":{"rendered":"Training"},"content":{"rendered":"\n<p class=\"has-text-align-center\">                                         <em>&#8222;Die kleinen Fortschritte in der Ausbildung des Pferdes <br>                                                 sind die gr\u00f6\u00dfte Best\u00e4tigung meiner Arbeit. <\/em> <\/p>\n\n\n\n<h3 class=\"has-text-align-center\">Mein Angebot<\/h3>\n\n\n\n<p>Ich biete klassisches Pferdetraining, mit dem Leitbild traditioneller klassischer Reitlehre sowie gef\u00fchlvolles <br>Westerntraining, Losgelassenheit in Balance, ganz auf Ihre Bed\u00fcrfnisse abgestimmt. <\/p>\n\n\n\n<p>Das Training findet mit Ruhe und Geduld statt, mit dem n\u00f6tigen\nVerst\u00e4ndnis f\u00fcr Ihr Pferd\nund dessen Befindlichkeiten. <\/p>\n\n\n\n<p>Talente sollen gefunden und gef\u00f6rdert werden. <\/p>\n\n\n\n<p>Das Pferd bestimmt die Trainingsdauer selbst und bekommt, je nach Individualit\u00e4t die Zeit, die es braucht um die <br> gew\u00fcnschten Dinge zu erfassen. <\/p>\n\n\n\n<p>Psychische und physische Probleme f\u00fchren oft zu Verspannungen und Widersetzlichkeiten. <\/p>\n\n\n\n<p>Wenn Ihr Pferd &#8222;Nein&#8220; sagt, haben Sie die Frage falsch gestellt oder f\u00fcr den Moment die falsche Frage gestellt. <\/p>\n\n\n\n<p>Das zu erkennen sehe Ich als meine Aufgabe, um das Pferd wieder in sein ganzheitliches Gleichgewicht zu bringen. <br> Bei bestehenden physischen Problemen k\u00f6nnen wir in Zusammenarbeit mit Fachtier\u00e4rzten, dem Physiotherapeuten,  Sattler und dem Hufschmied ein geeignetes Trainingskonzept f\u00fcr Ihr Pferd finden. <\/p>\n\n\n\n<p>Mit Einf\u00fchlungsverm\u00f6gen und Respekt wollen wir dem Pferd liebevoll helfen, auf seiner &#8222;Ausbildungsleiter&#8220; schrittweise <br> weiter zu kommen. <\/p>\n\n\n\n<p>Selbstdisziplin, Geduld, Einf\u00fchlungsverm\u00f6gen und Ruhe sind die wichtigsten Eigenschaften f\u00fcr meine Arbeit. <\/p>\n\n\n\n<h4> Angebot: <\/h4>\n\n\n\n<div class=\"wp-block-group\"><div class=\"wp-block-group__inner-container\"><\/div><\/div>\n\n\n\n<ul><li>Teilberitt <\/li><li>Bodenarbeit und Erziehung f\u00fcr Pferde jeden Alters <\/li><li>Jungpferdetraining <\/li><li>Verladetraining <\/li><li>Trailtraining. Horsemanship, Basics <\/li><li>Dressurkurse <\/li><\/ul>\n","protected":false},"excerpt":{"rendered":"<p>&#8222;Die kleinen Fortschritte in der Ausbildung des Pferdes sind die gr\u00f6\u00dfte Best\u00e4tigung meiner Arbeit. Mein Angebot Ich biete klassisches Pferdetraining, mit dem Leitbild traditioneller klassischer Reitlehre sowie gef\u00fchlvolles Westerntraining, Losgelassenheit in Balance, ganz auf Ihre Bed\u00fcrfnisse abgestimmt. Das Training findet<\/p>\n","protected":false},"author":1,"featured_media":0,"parent":0,"menu_order":0,"comment_status":"closed","ping_status":"closed","template":"","meta":{"_uag_custom_page_level_css":""},"uagb_featured_image_src":{"full":false,"thumbnail":false,"medium":false,"medium_large":false,"large":false,"1536x1536":false,"2048x2048":false,"suffice-thumbnail-grid":false,"suffice-thumbnail-featured-one":false,"suffice-thumbnail-featured-two":false,"suffice-thumbnail-portfolio":false,"suffice-thumbnail-portfolio-masonry":false},"uagb_author_info":{"display_name":"12374088","author_link":"https:\/\/trixis-pferdetraining.de\/?author=1"},"uagb_comment_info":0,"uagb_excerpt":"&#8222;Die kleinen Fortschritte in der Ausbildung des Pferdes sind die gr\u00f6\u00dfte Best\u00e4tigung meiner Arbeit. Mein Angebot Ich biete klassisches Pferdetraining, mit dem Leitbild traditioneller klassischer Reitlehre sowie gef\u00fchlvolles Westerntraining, Losgelassenheit in Balance, ganz auf Ihre Bed\u00fcrfnisse abgestimmt. Das Training findet","_links":{"self":[{"href":"https:\/\/trixis-pferdetraining.de\/index.php?rest_route=\/wp\/v2\/pages\/23"}],"collection":[{"href":"https:\/\/trixis-pferdetraining.de\/index.php?rest_route=\/wp\/v2\/pages"}],"about":[{"href":"https:\/\/trixis-pferdetraining.de\/index.php?rest_route=\/wp\/v2\/types\/page"}],"author":[{"embeddable":true,"href":"https:\/\/trixis-pferdetraining.de\/index.php?rest_route=\/wp\/v2\/users\/1"}],"replies":[{"embeddable":true,"href":"https:\/\/trixis-pferdetraining.de\/index.php?rest_route=%2Fwp%2Fv2%2Fcomments&post=23"}],"version-history":[{"count":8,"href":"https:\/\/trixis-pferdetraining.de\/index.php?rest_route=\/wp\/v2\/pages\/23\/revisions"}],"predecessor-version":[{"id":723,"href":"https:\/\/trixis-pferdetraining.de\/index.php?rest_route=\/wp\/v2\/pages\/23\/revisions\/723"}],"wp:attachment":[{"href":"https:\/\/trixis-pferdetraining.de\/index.php?rest_route=%2Fwp%2Fv2%2Fmedia&parent=23"}],"curies":[{"name":"wp","href":"https:\/\/api.w.org\/{rel}","templated":true}]}}