{"id":29,"date":"2020-03-03T13:29:27","date_gmt":"2020-03-03T13:29:27","guid":{"rendered":"http:\/\/trixis-pferdetraining.de\/?page_id=29"},"modified":"2021-04-18T06:30:12","modified_gmt":"2021-04-18T06:30:12","slug":"referenzen","status":"publish","type":"page","link":"https:\/\/trixis-pferdetraining.de\/?page_id=29","title":{"rendered":"Referenzen"},"content":{"rendered":"<hr class=\"wp-block-separator\" \/>\r\n<p>Hallo Trixi,\u00a0<\/p>\r\n<p>ich wollte dir noch mal f\u00fcr das tolle Training heute danken, ich f\u00fchle mich richtig gut und motiviert und das hatte ich schon lange nicht mehr.<br \/>Ich freue mich auf n\u00e4chstes Mal.<\/p>\r\n<p>Sch\u00f6nen Abend und liebe Gr\u00fc\u00dfe<\/p>\r\n<hr class=\"wp-block-separator\" \/>\r\n<p>&nbsp;<\/p>\r\n<p>Liebe Trixi,<\/p>\r\n<p>Deine Reitstunde gestern war echt genial, unheimlich einf\u00fchlsam im Bezug auf mich und meine inneren Spannungen und sp\u00fcrbar effektiv f\u00fcr meine Stute zur Lockerung&#8230;.sowas hab ich immer gesucht !!! Danke \ud83d\ude42<\/p>\r\n<p>&nbsp;<\/p>\r\n<hr class=\"wp-block-separator\" \/>\r\n<p>Liebe Trixi,<\/p>\r\n<p>Ich m\u00f6chte mich bei dir herzlich bedanken. Schon vier Jahre nehme ich nun bei dir jede Woche Unterricht und du begleitest mich schon lange in meiner reiterlichen Ausbildung. Damals schon mit den zwei Huzulen, hast du mir so viel beigebracht, wof\u00fcr ich sehr dankbar bin und man nach jeder Stunde gl\u00fccklich und mit einem guten Gef\u00fchl absteigen konnte. Nat\u00fcrlich gab es auch mal Tiefen, aber auch in diesen hast du mich aufgebaut und mir weitergeholfen. Auch in Sachen Turniere hast du mich au\u00dferhalb der Stunden unterst\u00fctzt. Die gr\u00f6\u00dfere Herausforderung ist allerdings unsere neue Aufgabe. Denn nach den Huzulen kam der siebenj\u00e4hrige Sati, mit welchem du mich gl\u00fccklicherweise unterst\u00fctzt. Er ist leider ein falsch gerittener und erzogener, durchaus mal frecher, sturk\u00f6pfiger Trakehner und ohne deine Erfahrungen w\u00fcrde ich mit ihm lange nicht die Fortschritte machen, die wir in dem halben Jahr jetzt schon gemacht haben. Anfangs erschreckte er sich mindestens ein Mal in der Halle, wenn ich ihn ritt und war schwer wieder zu h\u00e4ndeln. Doch dann kamst du und wir fingen am Boden an, zusammen mit ihm zu arbeiten und dann immer zur H\u00e4lfte, dass ich ihn ritt und du uns auch da halfst. Seitdem ist er viel besser h\u00e4ndelbar und erschrickt nicht mehr. Der gesamte Fortschritt in diesem halben Jahr: Von nur im Schritt in der Halle reitbar und frech am Boden bis heute, dass wir ausreiten gehen, in der Halle und auf dem Platz nun auch traben k\u00f6nnen und auch alles M\u00f6gliche vom Boden aus besser klappt. Ich m\u00f6chte dir nochmal sehr danken, dass du mich auch bei diesem Weg unterst\u00fctzt. Wir kommen jede Stunde ein kleines St\u00fcck weiter und wir (Sati und ich ) sind danach immer beide motiviert und zufrieden mit der Leistung. Du hast uns komplett dort abgeholt, wo wir beide standen und erkannt, was getan werden muss, damit wir beide harmonieren und dass er Aufgaben gestellt bekommt, die er l\u00f6sen kann. Sein Charakter und Hintergrund, sowie meine Erfahrung und mein Wesen werden von dir ber\u00fccksichtigt und angenommen. Vielen Dank dir, Trixi, f\u00fcr die mittlerweile vier Jahre tollen Unterricht!<\/p>\r\n<p>&nbsp;<\/p>\r\n<hr class=\"wp-block-separator\" \/>\r\n<div class=\"wp-block-media-text alignwide\" style=\"grid-template-columns: 27% auto;\">\r\n<div class=\"wp-block-media-text__content\">\r\n<p><img loading=\"lazy\" class=\"wp-image-212 alignleft\" src=\"https:\/\/trixis-pferdetraining.de\/wp-content\/uploads\/2020\/07\/WhatsApp-Image-2020-07-25-at-19.31.06.jpeg\" alt=\"\" width=\"301\" height=\"402\" srcset=\"https:\/\/trixis-pferdetraining.de\/wp-content\/uploads\/2020\/07\/WhatsApp-Image-2020-07-25-at-19.31.06.jpeg 768w, https:\/\/trixis-pferdetraining.de\/wp-content\/uploads\/2020\/07\/WhatsApp-Image-2020-07-25-at-19.31.06-225x300.jpeg 225w\" sizes=\"(max-width: 301px) 100vw, 301px\" \/><\/p>\r\n<p>&nbsp;<\/p>\r\n<p>&nbsp;<\/p>\r\n<p class=\"&lt;img src=\" style=\"text-align: left;\">Bereits mein drittes Pferd lasse ich bei Trixi Daser ausbilden und bin immer wieder begeistert. Trixi f\u00fchrt Ihre Pferde Schritt f\u00fcr Schritt und ohne zu \u00fcberfordern an neue Aufgaben heran.<\/p>\r\n<p class=\"&lt;img src=\">Alles am Boden erlernte wird dann erst vom Sattel aus \u00fcbertragen mit viel Feingef\u00fchl und Disziplin. Wir sind nach 6 Monaten Beritt \u00fcberaus zufrieden. Trixi hat meine Pferde immer behandelt als w\u00e4ren es Ihre eigenen..<\/p>\r\n<\/div>\r\n<\/div>\r\n<p>&nbsp;<\/p>\r\n<p>&nbsp;<\/p>\r\n<p>&nbsp;<\/p>\r\n<div class=\"wp-block-media-text alignwide\" style=\"grid-template-columns: 27% auto;\">\r\n<div class=\"wp-block-media-text__content\">\r\n<p>&nbsp;<\/p>\r\n<\/div>\r\n<\/div>\r\n\r\n\r\n<hr class=\"wp-block-separator\" \/>\r\n\r\n\r\n<p>&nbsp;<\/p>\r\n\r\n\r\n\r\n<p>Hallo Trixi,<\/p>\r\n\r\n\r\n\r\n<p>ich war auf der Suche nach einem Trainer f\u00fcr mein Pferd Zafiro und f\u00fcr mich. Wir haben dich gefunden und es war die beste Entscheidung, meinen Zafiro in deine Obhut zu geben.<\/p>\r\n\r\n\r\n\r\n\r\n\r\n<p>Meine reiterlichen Qualit\u00e4ten haben nicht ausgereicht, meinem Pferd die n\u00f6tige Sicherheit zu geben. Auch habe ich im Umgang mit meinem Spanier einige Fehler gemacht, die dazu f\u00fchrten, dass Zafiro ganz sch\u00f6n respektlos wurde und das Zepter \u00fcbernommen hat. Du hast Zafiro gute Manieren beigebracht, ihm die Ausbildung gegeben, die er bisher nie hatte und mir gezeigt, wie ich durch faires Handeln den Respekt und somit auch das Vertrauen von ihm bekomme. Wir beide haben richtiges Longieren und Bodenarbeit mit gymnastischen \u00dcbungen gelernt, Zafiro kennt jetzt Z\u00fcgel- und Gewichtshilfen und nun bringst du mir bei, wie ich mit feinen Hilfen mein Pferd reiten kann. Wir sind auf dem richtigen Weg und wir haben beide sehr beachtliche Fortschritte gemacht. Vielen Dank f\u00fcr deinen abwechslungsreichen Unterricht und auch daf\u00fcr, dass du mich oft aus der Reserve lockst.<\/p>\r\n\r\n\r\n\r\n<p>Herzliche Gr\u00fc\u00dfe von Dahlia &amp; Zafiro<\/p>\r\n\r\n\r\n<hr class=\"wp-block-separator\" \/>\r\n\r\n\r\n<p>Liebe Trixi,<\/p>\r\n\r\n\r\n\r\n<p>wir 2 sagen danke, f\u00fcr einen nicht leichten Weg der heute, zum Jahresende, zu einem wahnsinnig tollen Moment f\u00fcr Blacky und mich wurde. Wir sind 20 Minuten immer und immer wieder aussitzend getrabt&#8230;..ich hab im Auto Tr\u00e4nen vergossen&#8230;das war mein kleines Ziel f\u00fcr 2017&#8230;und wir haben es heute erreicht. Danke f\u00fcr die tolle Unterst\u00fctzung. Viele Gr\u00fc\u00dfe Dani<\/p>\r\n\r\n\r\n<hr class=\"wp-block-separator\" \/>\r\n\r\n\r\n<p>Liebe Trixi,<\/p>\r\n\r\n\r\n\r\n<p>hiermit m\u00f6chte ich mich einfach mal bei Dir bedanken.<\/p>\r\n\r\n\r\n\r\n<p>Seit 2 Jahren haben wir nun regelm\u00e4\u00dfig bei Dir Unterricht, der mir jede Stunde wieder wahnsinnig Spa\u00df macht. Inzwischen bin ich ein kleines St\u00fcckchen weiter auf dem gemeinsamen Weg mit meinem Rocky und Du hast den Anreiz gesetzt, mit immer weniger Hilfen immer besser zu werden und meinem Pferd reiterlich sowie auch im Umgang gerecht zu werden.<\/p>\r\n\r\n\r\n\r\n<p>Du forderst und f\u00f6rderst mich, schickst einen manchmal auch an Grenzen und vergisst dabei nie zu vermitteln, dass Reiten Spa\u00df machen soll.<\/p>\r\n\r\n\r\n\r\n<p>Auch Rocky l\u00e4uft inzwischen so sch\u00f6n und fein, dass es immer wieder eine riesige Freude bereitet, auf ihm zu sitzen, oder Dir zuzuschauen, wie elegant er bei Seiteng\u00e4ngen etc. \u201edahinschwebt\u201c.\u00a0\u00a0\u00a0\u00a0 Auch wenn die Stunde mal wieder anstrengend war, hat er danach einen total zufriedenen Gesichtsausdruck.<\/p>\r\n\r\n\r\n\r\n<p>Man merkt, dass Du Deine Arbeit total gerne machst, jede Sekunde mit Herzblut dabei bist und alle Deine vierbeinigen Sch\u00fctzlinge total gerne hast.<\/p>\r\n\r\n\r\n\r\n<p>Vielen lieben Dank daf\u00fcr! Bleib so wie Du bist und ich hoffe, dass wir noch viele Unterrichtsstunden haben und ganz viel von Dir lernen k\u00f6nnen.<\/p>\r\n\r\n\r\n\r\n<p>Liebe Gr\u00fc\u00dfe Eva mit Rocky<\/p>\r\n\r\n\r\n\r\n<figure class=\"wp-block-image\"><\/figure>\r\n<p><img loading=\"lazy\" class=\"alignleft  wp-image-462\" src=\"https:\/\/trixis-pferdetraining.de\/wp-content\/uploads\/2020\/09\/Rocky.jpg\" alt=\"\" width=\"365\" height=\"244\" srcset=\"https:\/\/trixis-pferdetraining.de\/wp-content\/uploads\/2020\/09\/Rocky.jpg 1280w, https:\/\/trixis-pferdetraining.de\/wp-content\/uploads\/2020\/09\/Rocky-300x200.jpg 300w, https:\/\/trixis-pferdetraining.de\/wp-content\/uploads\/2020\/09\/Rocky-1024x683.jpg 1024w, https:\/\/trixis-pferdetraining.de\/wp-content\/uploads\/2020\/09\/Rocky-768x512.jpg 768w\" sizes=\"(max-width: 365px) 100vw, 365px\" \/><\/p>\r\n\r\n\r\n\r\n<p>Foto von <a href=\"http:\/\/www.mauser-tierfotografie.de\"> www.mauser-tierfotografie.de<\/a><\/p>\r\n<p>&nbsp;<\/p>\r\n<p>&nbsp;<\/p>\r\n<p>&nbsp;<\/p>\r\n<p>&nbsp;<\/p>\r\n<p>&nbsp;<\/p>\r\n<p>&nbsp;<\/p>\r\n<p>\r\n\r\n<\/p>\r\n<hr class=\"wp-block-separator\" \/>\r\n<p>\r\n\r\n<\/p>\r\n<p>Liebe Trixi<\/p>\r\n<p>\r\n\r\n<\/p>\r\n<p>ich wollte mich schon seit Monaten bei Ihnen melden, wegen eines weiteren Verladetrainings f\u00fcr Taffi. Leider hatte ich aufgrund famili\u00e4rer Umst\u00e4nde keine Zeit so ein Training zu planen. Allerdings musste ich Taffi kurz nach unserem ersten Training auf Grund eines Notfalls verladen und er ist ohne Probleme in den H\u00e4nger gegangen. Seitdem stelle ich ihn jedes mal auf den H\u00e4nger, wenn einer bereit steht und es gibt dabei keine Probleme mehr. Er geht ohne Probleme drauf, auch mit enger Trennwand und frisst entspannt seinen Hafer.<\/p>\r\n<p>\r\n\r\n<\/p>\r\n<p>Ich m\u00f6chte mich von ganzem Herzen bei Ihnen bedanken, Sie haben mir und Taffi unglaublich geholfen!\u00a0Ein Verladetraining werden wir hoffentlich nicht mehr brauchen, aber vlt sehen wir uns ja bei einem anderen Training mal wieder!<\/p>\r\n<p>\r\n\r\n<\/p>\r\n<p>Herzliche Gr\u00fc\u00dfe\u00a0\u00a0\u00a0 Josefine und Taffi<\/p>\r\n<p>\r\n\r\n<\/p>\r\n<hr class=\"wp-block-separator\" \/>\r\n<p>\r\n\r\n<\/p>\r\n<p>Hallo Trixi, m\u00f6chte Dir ein Kompliment an Deine Arbeit mit uns zukommen lassen, der Knoten platzt immer mehr und schneller. Ravell hat richtig Spass an der Arbeit und ich sitze meist grinsend auf demn Pferd und freu mich \u00fcber jeden Fortschritt. Und des nach der kurzen Zeit. Danke! LG und sch\u00f6nen Sonntag, Renate<\/p>\r\n<p>\r\n\r\n<\/p>\r\n<hr class=\"wp-block-separator\" \/>\r\n<p>\r\n\r\n<\/p>\r\n<p>Hi Trixi,\u00a0 Flo gehts gut. hab ihn bis jetzt\u00a0 2 mal geritten und er l\u00e4uft ruhig, entspannt, gleichm\u00e4\u00dfig und l\u00e4\u00dft sich sehr sch\u00f6n lenken . Es macht wirklich Spass ihn zu reiten und das aufsteigen ist f\u00fcr alte Leute wie mich auch sehr bequem! Du hast wirklich tolle arbeit geleistet!!! Sollte ich mal wieder ein Jungen haben &#8230;..dann w\u00fcrde er bei Dir landen! Liebe Gr\u00fc\u00dfe Ingrid<\/p>\r\n<p>\r\n\r\n<\/p>\r\n<hr class=\"wp-block-separator\" \/>\r\n<p>\r\n\r\n<\/p>\r\n<p>Hallo Trixi! Ich danke dir vielmals f\u00fcr die tolle Ausbildung von Bob Marley. Allein h\u00e4tte ich das nie hinbekommen und jetzt geht er so wundersch\u00f6n unter dem Sattel und ist so brav. Ich finde es toll, dass ich ihn jetzt reiten kann und das du mit so viel Liebe und Gef\u00fchl so ein tolles Pferd aus ihm gemacht hast Liebe Gr\u00fc\u00dfe, Isabel<\/p>\r\n<p>\r\n\r\n<\/p>\r\n<hr class=\"wp-block-separator\" \/>\r\n<p>\r\n\r\n<\/p>\r\n<p>Hallo Trixi,<\/p>\r\n<p>\r\n\r\n<\/p>\r\n<p>mu\u00df\u00a0dir gleich ein paar Bilder von uns schicken!<\/p>\r\n<p>\r\n\r\n<\/p>\r\n<p>Bin\u00a0total gl\u00fccklich mit ihm, wie er sich macht. Vor allem als ich heute die Bilder gesehen habe, da ich mich\u00a0selbst ja nicht sehe ;-). Es ist auch so sch\u00f6n, dass ich einfach drauf aufbauen kann und er dazu lernt ohne etwas &#8222;korrigieren&#8220; zu m\u00fcssen, da er bei dir einen\u00a0guten Start bekommen hat. :-))Viele liebe Gr\u00fc\u00dfe \u00a0\u00a0\u00a0 Miriam und Pino<\/p>\r\n<p>\r\n\r\n<\/p>\r\n<hr class=\"wp-block-separator\" \/>\r\n<p>\r\n\r\n<\/p>\r\n<p>Liebe Trixi,es war mal wieder an der Zeit zu dir zu kommen und zu trainieren. Wie immer, war das Training mit dir sehr gewinnbringend, da wir zusammen individuelle L\u00f6sungen finden konnten. Sch\u00f6n, dass du mit soviel Ruhe und Gelassenheit uns immer wieder ans Ziel bringst. W\u00fcnsche mir, dass noch viele Reiter und Pferde von deiner Erfahrung profitieren d\u00fcrfen. Gru\u00df Cori<\/p>\r\n<p>\r\n\r\n<\/p>\r\n<hr class=\"wp-block-separator\" \/>\r\n<p>\r\n\r\n<\/p>\r\n<p>Hi Trixi, das 1. mal mit dem kleinen Flo auf einem Turnier und dann gleich den 1.Platz ! Wer h\u00e4tte das gedacht. Bin sehr beeindruckt!<br \/>Respekt! Du machst deinen Job wirklich gut!<br \/>Ich hoffe es gibt noch eine Fortsetzung!?<br \/>Liebe Gr\u00fc\u00dfe<br \/>Ingrid<\/p>\r\n<p>\r\n\r\n<\/p>\r\n<hr class=\"wp-block-separator\" \/>\r\n<p>\r\n\r\n<\/p>\r\n<p>Liebe Trixi, unsere sehr sensible und gelehrige Quarterhorse Stute Annie wird 2010 drei Jahre alt. Zeit zum Anreiten ! Lange haben wir hin und her \u00fcberlegt, welcher Trainer unser &#8222;Goldst\u00fcck&#8220; bekommen darf.<\/p>\r\n<p>\r\n\r\n<\/p>\r\n<p>Naja, Trainer gibt es viele, aber die die pferdegerecht und schonend ausbilden sind sehr rar. Dank einer Empfehlung haben wir dann im Fr\u00fchjahr 2009 mit Annie eine Probestunde Bodenarbeit bei dir ausprobiert &#8211; und sind geblieben!<\/p>\r\n<p>\r\n\r\n<\/p>\r\n<p>Die feine Verst\u00e4ndigung zwischen dir und unserem Pferd zu beobachten ist einfach toll und ihr Vertrauen zu dir grenzenlos! Wir sind ganz sicher, dass sie Dank der ersten Schritte bei dir ein tolles Reitpferd wird und freuen uns schon riesig auf n\u00e4chstes Jahr!Liebe Gr\u00fc\u00dfe,Karsten, Sabine und Annie<\/p>\r\n<p>\r\n\r\n<\/p>\r\n<hr class=\"wp-block-separator\" \/>\r\n<p>\r\n\r\n<\/p>\r\n<p>Hi Trixi Nice site. Maybe you ought to have a page for &#8222;Case Histories&#8220; &#8211; We would suggest &#8222;Asyr&#8220; our now 18 year old Arab. When we bought him in 1991 (aged 6) he was virtually unrideable with a very nervous character &#8211; the following year we had the fortune that Trixi agreed to train him (&amp; Angie) and although there were some testing times, Trixi turned him in to a very enjoyable ride &amp; a total personality change such that we could even let children ride him. We can only highly recommend Trixi and her quiet &amp; sensitive relationship with horses &#8211; (she&#8217;s a lot tougher on the riders!;-) Wishing you all the best with the site &amp; the training\/show season 2003. Angie &amp; George<\/p>\r\n<p>\r\n\r\n<\/p>\r\n<hr class=\"wp-block-separator\" \/>\r\n<p>\r\n\r\n<\/p>\r\n<p>Hallo Trixi, die &#8222;Justierung&#8220; bei Mona war ein wares Wunder! Du h\u00e4ttest sie am Sonntag nicht wiedererkannt, sie lief einfach klasse! Viele Gr\u00fc\u00dfe, Birgit Fedinger<\/p>\r\n<p>\r\n\r\n<\/p>\r\n<hr class=\"wp-block-separator\" \/>\r\n<p>\r\n\r\n<\/p>\r\n<p>Hallo Trixi, es hat wieder einmal sehr viel Spa\u00df gemacht und Pferd und Reiter ein gutes St\u00fcck nach vorne gebracht. Wir freuen uns schon auf August. Gr\u00fc\u00dfe Luisa und Klaus Zieglmeier<\/p>\r\n<p>\r\n\r\n<\/p>\r\n<hr class=\"wp-block-separator\" \/>\r\n<p>\r\n\r\n<\/p>\r\n<p>Hallo Trixi! Nochmals vielen Dank f\u00fcr das lehrreiche Wochenende und die vielen Tips, die uns ein gutes St\u00fcck weiter gebracht haben. Gr\u00fc\u00dfe Klaus Zieglmeier<\/p>\r\n<p>\r\n\r\n<\/p>\r\n<hr class=\"wp-block-separator\" \/>\r\n<p>\r\n\r\n<\/p>\r\n<p>&nbsp;<\/p>\r\n<p><\/p>","protected":false},"excerpt":{"rendered":"<p>Hallo Trixi,\u00a0 ich wollte dir noch mal f\u00fcr das tolle Training heute danken, ich f\u00fchle mich richtig gut und motiviert und das hatte ich schon lange nicht mehr.Ich freue mich auf n\u00e4chstes Mal. Sch\u00f6nen Abend und liebe Gr\u00fc\u00dfe &nbsp; Liebe<\/p>\n","protected":false},"author":1,"featured_media":0,"parent":0,"menu_order":0,"comment_status":"closed","ping_status":"closed","template":"","meta":{"_uag_custom_page_level_css":""},"uagb_featured_image_src":{"full":false,"thumbnail":false,"medium":false,"medium_large":false,"large":false,"1536x1536":false,"2048x2048":false,"suffice-thumbnail-grid":false,"suffice-thumbnail-featured-one":false,"suffice-thumbnail-featured-two":false,"suffice-thumbnail-portfolio":false,"suffice-thumbnail-portfolio-masonry":false},"uagb_author_info":{"display_name":"12374088","author_link":"https:\/\/trixis-pferdetraining.de\/?author=1"},"uagb_comment_info":0,"uagb_excerpt":"Hallo Trixi,\u00a0 ich wollte dir noch mal f\u00fcr das tolle Training heute danken, ich f\u00fchle mich richtig gut und motiviert und das hatte ich schon lange nicht mehr.Ich freue mich auf n\u00e4chstes Mal. Sch\u00f6nen Abend und liebe Gr\u00fc\u00dfe &nbsp; Liebe","_links":{"self":[{"href":"https:\/\/trixis-pferdetraining.de\/index.php?rest_route=\/wp\/v2\/pages\/29"}],"collection":[{"href":"https:\/\/trixis-pferdetraining.de\/index.php?rest_route=\/wp\/v2\/pages"}],"about":[{"href":"https:\/\/trixis-pferdetraining.de\/index.php?rest_route=\/wp\/v2\/types\/page"}],"author":[{"embeddable":true,"href":"https:\/\/trixis-pferdetraining.de\/index.php?rest_route=\/wp\/v2\/users\/1"}],"replies":[{"embeddable":true,"href":"https:\/\/trixis-pferdetraining.de\/index.php?rest_route=%2Fwp%2Fv2%2Fcomments&post=29"}],"version-history":[{"count":89,"href":"https:\/\/trixis-pferdetraining.de\/index.php?rest_route=\/wp\/v2\/pages\/29\/revisions"}],"predecessor-version":[{"id":744,"href":"https:\/\/trixis-pferdetraining.de\/index.php?rest_route=\/wp\/v2\/pages\/29\/revisions\/744"}],"wp:attachment":[{"href":"https:\/\/trixis-pferdetraining.de\/index.php?rest_route=%2Fwp%2Fv2%2Fmedia&parent=29"}],"curies":[{"name":"wp","href":"https:\/\/api.w.org\/{rel}","templated":true}]}}